{"id":659,"date":"2023-06-29T22:17:56","date_gmt":"2023-06-29T22:17:56","guid":{"rendered":"https:\/\/indestri.mx\/?page_id=659"},"modified":"2023-06-29T22:34:47","modified_gmt":"2023-06-29T22:34:47","slug":"aviso-de-privacidad","status":"publish","type":"page","link":"https:\/\/indestri.mx\/index.php\/aviso-de-privacidad\/","title":{"rendered":"Aviso de Privacidad"},"content":{"rendered":"<p>[et_pb_section fb_built=\u00bb1&#8243; _builder_version=\u00bb4.21.0&#8243; _module_preset=\u00bbdefault\u00bb global_colors_info=\u00bb{}\u00bb][et_pb_row _builder_version=\u00bb4.21.0&#8243; _module_preset=\u00bbdefault\u00bb global_colors_info=\u00bb{}\u00bb][et_pb_column type=\u00bb4_4&#8243; _builder_version=\u00bb4.21.0&#8243; _module_preset=\u00bbdefault\u00bb global_colors_info=\u00bb{}\u00bb][et_pb_text _builder_version=\u00bb4.21.0&#8243; _module_preset=\u00bbdefault\u00bb global_colors_info=\u00bb{}\u00bb]<\/p>\n<h2>Aviso de Privacidad<\/h2>\n<p>[\/et_pb_text][et_pb_text _builder_version=\u00bb4.21.0&#8243; _module_preset=\u00bbdefault\u00bb global_colors_info=\u00bb{}\u00bb]<\/p>\n<p>Con fundamento en los art\u00edculos 15 y 16 de la Ley Federal de Protecci\u00f3n de Datos Personales en Posesi\u00f3n de Particulares se hace de su conocimiento que empresa <strong>INDESTRI S.A. DE C.V.<\/strong>, en adelante \u201cINDESTRI\u201d, \u00a0con domicilio en Blvd. Puerta de Hierro 5153 piso 2, fracc, p\u00b0. Andares, Puerta de Hierro, 45116 Zapopan, Jalisco, es la sociedad responsable del tratamiento de sus datos personales, para los efectos legales correspondientes.<\/p>\n<p>Toda aquella informaci\u00f3n y datos personales que se proporcionen ser\u00e1 utilizada por INDESTRI y su personal, para las siguientes finalidades: proveer los servicios y productos que ha solicitado; notificarle sobre nuevos servicios o productos que tengan relaci\u00f3n con los ya contratados o adquiridos; comunicarle sobre cambios en los mismos; elaborar estudios y programas que son necesarios para determinar h\u00e1bitos de consumo; realizar evaluaciones peri\u00f3dicas de nuestros productos y servicios a efecto de mejorar la calidad de los mismos; evaluar la calidad del servicio que brindamos, y en general, para dar cumplimiento a las obligaciones que hemos contra\u00eddo con usted.<\/p>\n<p>\u00a0Se considerar\u00e1n como datos e informaci\u00f3n personal proporcionados por los titulares a INDESTRI, aquellos que contengan Nombre completo de la persona, domicilio, edad, estado civil, correo electr\u00f3nico, nacionalidad, Clave \u00danica de Registro de la Poblaci\u00f3n, Registro Federal de Contribuyentes, tel\u00e9fono, informaci\u00f3n de pago, cuentas bancarias, informaci\u00f3n de facturaci\u00f3n y los dem\u00e1s que contemplen las normativas aplicables.<\/p>\n<p>Es importante informarle que usted tiene derecho al Acceso, Rectificaci\u00f3n y Cancelaci\u00f3n de sus datos personales proporcionados, as\u00ed como a oponerse al tratamiento de los mismos una vez que se haya realizado el objeto para el que fueron proporcionados los mismos; por otro lado, usted tiene derecho a revocar el consentimiento del uso y trato de sus datos personales, en caso de que sea modificado el fin para el cual se hubieren otorgado.<\/p>\n<p>Para ejercer sus derechos descritos en el p\u00e1rrafo que antecede, es necesario enviar una solicitud en los t\u00e9rminos y con los requisitos previstos por el numeral \u00a029 Ley Federal de Protecci\u00f3n de Datos Personales en Posesi\u00f3n de Particulares, dirigido a la responsable de nuestro Departamento de Protecci\u00f3n de Datos Personales, en el domicilio de INDESTRI ubicado en Blvd. Puerta de Hierro 5153 piso 2, fracc, p\u00b0. Andares, Puerta de Hierro, 45116<strong>, Zapopan, Jalisco<\/strong>, o v\u00eda correo electr\u00f3nico a la siguiente direcci\u00f3n: contacto@indestri.mx, as\u00ed mismo, solicitamos esperar la confirmaci\u00f3n de recepci\u00f3n\u00a0 de su solicitud y realizar el seguimiento de tramite por el mismo medio, de lo contrario, en caso de faltar alg\u00fan documento, informaci\u00f3n o acci\u00f3n a realizar por el titular, se tendr\u00e1 como no presentada la solicitud.<\/p>\n<p>Se informa que sus datos personales podr\u00e1n ser transferidos y tratados dentro y fuera del pa\u00eds, por terceros relacionados con INDESTRI. En ese sentido, su informaci\u00f3n puede ser compartida con cualesquiera de las empresas controladoras de INDESTRI y\/o sus empresas filiales y\/o subsidiarias e incluso a terceras personas, nacionales o extranjeras relacionadas, salvo que los titulares respectivos manifiesten expresamente su oposici\u00f3n, en t\u00e9rminos de lo dispuesto por la Ley Federal de Protecci\u00f3n de Datos Personales en Posesi\u00f3n de Particulares.<\/p>\n<p>Si usted no manifiesta su oposici\u00f3n para que sus datos personales sean transferidos, se entender\u00e1 que ha otorgado su consentimiento t\u00e1cito para ello.<\/p>\n<p><span style=\"font-size: x-large;\">\u25a1<\/span> No consiento que mis datos personales sean transferidos a terceros en los t\u00e9rminos que se\u00f1ala el presente aviso de privacidad.<\/p>\n<p><strong>INDESTRI, S.A de C.V.<\/strong>, se reserva el derecho de cambiar, modificar, complementar y\/o alterar el presente aviso, en cualquier momento, en cuyo caso se har\u00e1 de su conocimiento a trav\u00e9s de cualquiera de los medios que establece la legislaci\u00f3n en la materia.<\/p>\n<p>&nbsp;<\/p>\n<p>[\/et_pb_text][\/et_pb_column][\/et_pb_row][\/et_pb_section]<\/p>\n","protected":false},"excerpt":{"rendered":"<p>Aviso de PrivacidadCon fundamento en los art\u00edculos 15 y 16 de la Ley Federal de Protecci\u00f3n de Datos Personales en Posesi\u00f3n de Particulares se hace de su conocimiento que empresa INDESTRI S.A. DE C.V., en adelante \u201cINDESTRI\u201d, \u00a0con domicilio en Blvd. Puerta de Hierro 5153 piso 2, fracc, p\u00b0. Andares, Puerta de Hierro, 45116 Zapopan, [&hellip;]<\/p>\n","protected":false},"author":1,"featured_media":0,"parent":0,"menu_order":0,"comment_status":"closed","ping_status":"closed","template":"","meta":{"_et_pb_use_builder":"on","_et_pb_old_content":"","_et_gb_content_width":"","footnotes":""},"class_list":["post-659","page","type-page","status-publish","hentry"],"yoast_head":"<!-- This site is optimized with the Yoast SEO plugin v27.3 - https:\/\/yoast.com\/product\/yoast-seo-wordpress\/ -->\n<title>Aviso de Privacidad - Indestri<\/title>\n<meta name=\"robots\" content=\"index, follow, max-snippet:-1, max-image-preview:large, max-video-preview:-1\" \/>\n<link rel=\"canonical\" href=\"https:\/\/indestri.mx\/index.php\/aviso-de-privacidad\/\" \/>\n<meta property=\"og:locale\" content=\"es_ES\" \/>\n<meta property=\"og:type\" content=\"article\" \/>\n<meta property=\"og:title\" content=\"Aviso de Privacidad - Indestri\" \/>\n<meta property=\"og:description\" content=\"Aviso de PrivacidadCon fundamento en los art\u00edculos 15 y 16 de la Ley Federal de Protecci\u00f3n de Datos Personales en Posesi\u00f3n de Particulares se hace de su conocimiento que empresa INDESTRI S.A. DE C.V., en adelante \u201cINDESTRI\u201d, \u00a0con domicilio en Blvd. Puerta de Hierro 5153 piso 2, fracc, p\u00b0. Andares, Puerta de Hierro, 45116 Zapopan, [&hellip;]\" \/>\n<meta property=\"og:url\" content=\"https:\/\/indestri.mx\/index.php\/aviso-de-privacidad\/\" \/>\n<meta property=\"og:site_name\" content=\"Indestri\" \/>\n<meta property=\"article:modified_time\" content=\"2023-06-29T22:34:47+00:00\" \/>\n<meta name=\"twitter:card\" content=\"summary_large_image\" \/>\n<meta name=\"twitter:label1\" content=\"Tiempo de lectura\" \/>\n\t<meta name=\"twitter:data1\" content=\"4 minutos\" \/>\n<script type=\"application\/ld+json\" class=\"yoast-schema-graph\">{\"@context\":\"https:\\\/\\\/schema.org\",\"@graph\":[{\"@type\":\"WebPage\",\"@id\":\"https:\\\/\\\/indestri.mx\\\/index.php\\\/aviso-de-privacidad\\\/\",\"url\":\"https:\\\/\\\/indestri.mx\\\/index.php\\\/aviso-de-privacidad\\\/\",\"name\":\"Aviso de Privacidad - Indestri\",\"isPartOf\":{\"@id\":\"https:\\\/\\\/indestri.mx\\\/#website\"},\"datePublished\":\"2023-06-29T22:17:56+00:00\",\"dateModified\":\"2023-06-29T22:34:47+00:00\",\"breadcrumb\":{\"@id\":\"https:\\\/\\\/indestri.mx\\\/index.php\\\/aviso-de-privacidad\\\/#breadcrumb\"},\"inLanguage\":\"es\",\"potentialAction\":[{\"@type\":\"ReadAction\",\"target\":[\"https:\\\/\\\/indestri.mx\\\/index.php\\\/aviso-de-privacidad\\\/\"]}]},{\"@type\":\"BreadcrumbList\",\"@id\":\"https:\\\/\\\/indestri.mx\\\/index.php\\\/aviso-de-privacidad\\\/#breadcrumb\",\"itemListElement\":[{\"@type\":\"ListItem\",\"position\":1,\"name\":\"Portada\",\"item\":\"https:\\\/\\\/indestri.mx\\\/\"},{\"@type\":\"ListItem\",\"position\":2,\"name\":\"Aviso de Privacidad\"}]},{\"@type\":\"WebSite\",\"@id\":\"https:\\\/\\\/indestri.mx\\\/#website\",\"url\":\"https:\\\/\\\/indestri.mx\\\/\",\"name\":\"Indestri\",\"description\":\"Advanced Sustainable Technologies\",\"potentialAction\":[{\"@type\":\"SearchAction\",\"target\":{\"@type\":\"EntryPoint\",\"urlTemplate\":\"https:\\\/\\\/indestri.mx\\\/?s={search_term_string}\"},\"query-input\":{\"@type\":\"PropertyValueSpecification\",\"valueRequired\":true,\"valueName\":\"search_term_string\"}}],\"inLanguage\":\"es\"}]}<\/script>\n<!-- \/ Yoast SEO plugin. -->","yoast_head_json":{"title":"Aviso de Privacidad - Indestri","robots":{"index":"index","follow":"follow","max-snippet":"max-snippet:-1","max-image-preview":"max-image-preview:large","max-video-preview":"max-video-preview:-1"},"canonical":"https:\/\/indestri.mx\/index.php\/aviso-de-privacidad\/","og_locale":"es_ES","og_type":"article","og_title":"Aviso de Privacidad - Indestri","og_description":"Aviso de PrivacidadCon fundamento en los art\u00edculos 15 y 16 de la Ley Federal de Protecci\u00f3n de Datos Personales en Posesi\u00f3n de Particulares se hace de su conocimiento que empresa INDESTRI S.A. DE C.V., en adelante \u201cINDESTRI\u201d, \u00a0con domicilio en Blvd. Puerta de Hierro 5153 piso 2, fracc, p\u00b0. Andares, Puerta de Hierro, 45116 Zapopan, [&hellip;]","og_url":"https:\/\/indestri.mx\/index.php\/aviso-de-privacidad\/","og_site_name":"Indestri","article_modified_time":"2023-06-29T22:34:47+00:00","twitter_card":"summary_large_image","twitter_misc":{"Tiempo de lectura":"4 minutos"},"schema":{"@context":"https:\/\/schema.org","@graph":[{"@type":"WebPage","@id":"https:\/\/indestri.mx\/index.php\/aviso-de-privacidad\/","url":"https:\/\/indestri.mx\/index.php\/aviso-de-privacidad\/","name":"Aviso de Privacidad - Indestri","isPartOf":{"@id":"https:\/\/indestri.mx\/#website"},"datePublished":"2023-06-29T22:17:56+00:00","dateModified":"2023-06-29T22:34:47+00:00","breadcrumb":{"@id":"https:\/\/indestri.mx\/index.php\/aviso-de-privacidad\/#breadcrumb"},"inLanguage":"es","potentialAction":[{"@type":"ReadAction","target":["https:\/\/indestri.mx\/index.php\/aviso-de-privacidad\/"]}]},{"@type":"BreadcrumbList","@id":"https:\/\/indestri.mx\/index.php\/aviso-de-privacidad\/#breadcrumb","itemListElement":[{"@type":"ListItem","position":1,"name":"Portada","item":"https:\/\/indestri.mx\/"},{"@type":"ListItem","position":2,"name":"Aviso de Privacidad"}]},{"@type":"WebSite","@id":"https:\/\/indestri.mx\/#website","url":"https:\/\/indestri.mx\/","name":"Indestri","description":"Advanced Sustainable Technologies","potentialAction":[{"@type":"SearchAction","target":{"@type":"EntryPoint","urlTemplate":"https:\/\/indestri.mx\/?s={search_term_string}"},"query-input":{"@type":"PropertyValueSpecification","valueRequired":true,"valueName":"search_term_string"}}],"inLanguage":"es"}]}},"_links":{"self":[{"href":"https:\/\/indestri.mx\/index.php\/wp-json\/wp\/v2\/pages\/659","targetHints":{"allow":["GET"]}}],"collection":[{"href":"https:\/\/indestri.mx\/index.php\/wp-json\/wp\/v2\/pages"}],"about":[{"href":"https:\/\/indestri.mx\/index.php\/wp-json\/wp\/v2\/types\/page"}],"author":[{"embeddable":true,"href":"https:\/\/indestri.mx\/index.php\/wp-json\/wp\/v2\/users\/1"}],"replies":[{"embeddable":true,"href":"https:\/\/indestri.mx\/index.php\/wp-json\/wp\/v2\/comments?post=659"}],"version-history":[{"count":3,"href":"https:\/\/indestri.mx\/index.php\/wp-json\/wp\/v2\/pages\/659\/revisions"}],"predecessor-version":[{"id":663,"href":"https:\/\/indestri.mx\/index.php\/wp-json\/wp\/v2\/pages\/659\/revisions\/663"}],"wp:attachment":[{"href":"https:\/\/indestri.mx\/index.php\/wp-json\/wp\/v2\/media?parent=659"}],"curies":[{"name":"wp","href":"https:\/\/api.w.org\/{rel}","templated":true}]}}