{"id":415,"date":"2023-06-23T18:14:37","date_gmt":"2023-06-23T18:14:37","guid":{"rendered":"https:\/\/indestri.mx\/?page_id=415"},"modified":"2025-10-14T01:15:23","modified_gmt":"2025-10-14T01:15:23","slug":"nosotros","status":"publish","type":"page","link":"https:\/\/indestri.mx\/index.php\/nosotros\/","title":{"rendered":"Nosotros"},"content":{"rendered":"<p>[et_pb_section fb_built=\u00bb1&#8243; _builder_version=\u00bb4.21.0&#8243; _module_preset=\u00bbdefault\u00bb da_disable_devices=\u00bboff|off|off\u00bb global_colors_info=\u00bb{}\u00bb da_is_popup=\u00bboff\u00bb da_exit_intent=\u00bboff\u00bb da_has_close=\u00bbon\u00bb da_alt_close=\u00bboff\u00bb da_dark_close=\u00bboff\u00bb da_not_modal=\u00bbon\u00bb da_is_singular=\u00bboff\u00bb da_with_loader=\u00bboff\u00bb da_has_shadow=\u00bbon\u00bb][et_pb_row column_structure=\u00bb1_2,1_2&#8243; _builder_version=\u00bb4.21.0&#8243; _module_preset=\u00bbdefault\u00bb global_colors_info=\u00bb{}\u00bb][et_pb_column type=\u00bb1_2&#8243; _builder_version=\u00bb4.21.0&#8243; _module_preset=\u00bbdefault\u00bb global_colors_info=\u00bb{}\u00bb][et_pb_text _builder_version=\u00bb4.21.0&#8243; _module_preset=\u00bbdefault\u00bb global_colors_info=\u00bb{}\u00bb]<\/p>\n<h4><span style=\"color: #e1251b;\">NOSOTROS<\/span><\/h4>\n<h1>Innovaci\u00f3n tecnol\u00f3gica sostenible, orientada al avance y el futuro<\/h1>\n<p>[\/et_pb_text][\/et_pb_column][et_pb_column type=\u00bb1_2&#8243; _builder_version=\u00bb4.21.0&#8243; _module_preset=\u00bbdefault\u00bb global_colors_info=\u00bb{}\u00bb][et_pb_text _builder_version=\u00bb4.21.0&#8243; _module_preset=\u00bbdefault\u00bb header_4_font_size=\u00bb19px\u00bb global_colors_info=\u00bb{}\u00bb]<\/p>\n<h4>Indestri Advanced Sustainable Technologies fue fundada en 2016, con la \u00fanica finalidad de proveer soluciones tecnol\u00f3gicas sostenibles en beneficio del avance en los procesos de la industria; dentro de un marco de cuidado al medio ambiente y las personas.<\/h4>\n<h4>Nos encargamos del suministro y asesoramiento en la instalaci\u00f3n y puesta en servicio de equipo tecnol\u00f3gico avanzado, aportando valor a los procesos de las industrias que reduzcan el impacto ambiental que provocan.<\/h4>\n<p>En Indestri facilitamos la transformaci\u00f3n hacia la sustentabilidad y eficiencia energ\u00e9tica que genere mayor competitividad entre las empresas.<\/p>\n<p>Proveemos las mejores tecnolog\u00edas de purificaci\u00f3n del aire, energ\u00eda sustentable, beneficio al medio ambiente y control de derrames disponibles en el mundo para su comercializaci\u00f3n en M\u00e9xico y Am\u00e9rica Latina.<\/p>\n<p>Nuestro conocimiento a fondo de las legislaciones ambientales nos permite aportar valor al desarrollo y aplicaci\u00f3n de nuevas tecnolog\u00edas, que se orienten al avance constante y productividad de las empresas.<a href=\"https:\/\/indestri.mx\/index.php\/contacto\/\"><\/a><\/p>\n<p>[\/et_pb_text][et_pb_button button_url=\u00bb@ET-DC@eyJkeW5hbWljIjp0cnVlLCJjb250ZW50IjoicG9zdF9saW5rX3VybF9wYWdlIiwic2V0dGluZ3MiOnsicG9zdF9pZCI6IjQzOSJ9fQ==@\u00bb button_text=\u00bbCont\u00e1ctanos\u00bb button_alignment=\u00bbleft\u00bb _builder_version=\u00bb4.21.0&#8243; _dynamic_attributes=\u00bbbutton_url\u00bb _module_preset=\u00bbdefault\u00bb custom_button=\u00bbon\u00bb button_text_size=\u00bb16px\u00bb button_text_color=\u00bb#E1251B\u00bb button_bg_color=\u00bbRGBA(255,255,255,0)\u00bb button_border_width=\u00bb0px\u00bb button_border_color=\u00bbRGBA(255,255,255,0)\u00bb button_border_radius=\u00bb0px\u00bb button_font=\u00bbRoboto|500|||on||||solid\u00bb button_icon=\u00bb&#x24;||divi||400&#8243; button_icon_color=\u00bb#E1251B\u00bb custom_padding=\u00bb|0px||0px|false|false\u00bb locked=\u00bboff\u00bb global_colors_info=\u00bb{}\u00bb button_letter_spacing__hover_enabled=\u00bbon|hover\u00bb button_letter_spacing__hover=\u00bb1px\u00bb][\/et_pb_button][\/et_pb_column][\/et_pb_row][\/et_pb_section][et_pb_section fb_built=\u00bb1&#8243; fullwidth=\u00bbon\u00bb _builder_version=\u00bb4.21.0&#8243; _module_preset=\u00bbdefault\u00bb background_image=\u00bbhttps:\/\/indestri.mx\/wp-content\/uploads\/2023\/06\/pexels-johannes-plenio-1996035.jpg\u00bb parallax=\u00bbon\u00bb height=\u00bb60vh\u00bb max_height=\u00bb60vh\u00bb da_disable_devices=\u00bboff|off|off\u00bb global_colors_info=\u00bb{}\u00bb da_is_popup=\u00bboff\u00bb da_exit_intent=\u00bboff\u00bb da_has_close=\u00bbon\u00bb da_alt_close=\u00bboff\u00bb da_dark_close=\u00bboff\u00bb da_not_modal=\u00bbon\u00bb da_is_singular=\u00bboff\u00bb da_with_loader=\u00bboff\u00bb da_has_shadow=\u00bbon\u00bb][\/et_pb_section][et_pb_section fb_built=\u00bb1&#8243; _builder_version=\u00bb4.21.0&#8243; _module_preset=\u00bbdefault\u00bb da_disable_devices=\u00bboff|off|off\u00bb global_colors_info=\u00bb{}\u00bb da_is_popup=\u00bboff\u00bb da_exit_intent=\u00bboff\u00bb da_has_close=\u00bbon\u00bb da_alt_close=\u00bboff\u00bb da_dark_close=\u00bboff\u00bb da_not_modal=\u00bbon\u00bb da_is_singular=\u00bboff\u00bb da_with_loader=\u00bboff\u00bb da_has_shadow=\u00bbon\u00bb][et_pb_row _builder_version=\u00bb4.21.0&#8243; _module_preset=\u00bbdefault\u00bb global_colors_info=\u00bb{}\u00bb][et_pb_column type=\u00bb4_4&#8243; _builder_version=\u00bb4.21.0&#8243; _module_preset=\u00bbdefault\u00bb global_colors_info=\u00bb{}\u00bb][et_pb_text _builder_version=\u00bb4.21.0&#8243; _module_preset=\u00bbdefault\u00bb custom_margin=\u00bb||0px||false|false\u00bb custom_padding=\u00bb||||false|false\u00bb locked=\u00bboff\u00bb global_colors_info=\u00bb{}\u00bb]<\/p>\n<h1>Industrias<\/h1>\n<p>[\/et_pb_text][et_pb_text _builder_version=\u00bb4.21.0&#8243; _module_preset=\u00bbdefault\u00bb header_4_font_size=\u00bb19px\u00bb locked=\u00bboff\u00bb global_colors_info=\u00bb{}\u00bb]<\/p>\n<h4>Nuestras tecnolog\u00edas est\u00e1n dirigidas a las actividades industriales que impactan el medio ambiente, con el objetivo de catalizar una reducci\u00f3n considerable en la huella ecol\u00f3gica. Nos especializamos en tecnolog\u00eda para purificaci\u00f3n del aire en ambientes residenciales, comerciales e industriales; controlar y prevenir la contaminaci\u00f3n del subsuelo y las emisiones residuales que impactan el medio ambiente.<\/h4>\n<p>Los beneficios que aportan estas tecnolog\u00edas pueden ser aprovechados en distintas industrias, desde la alimenticia, hidrocarburos, mar\u043dtima, militar y metal mec\u00e1nica hasta el transporte terrestre y servicios aeroportuarios de mantenimiento. Tambi\u00e9n influimos en la agricultura, construcci\u00f3n, y generaci\u00f3n de energ\u00eda el\u00e9ctrica para comunidades remotas. Adem\u00e1s podemos proveer soluciones para desastres naturales.<\/p>\n<p>[\/et_pb_text][\/et_pb_column][\/et_pb_row][\/et_pb_section][et_pb_section fb_built=\u00bb1&#8243; _builder_version=\u00bb4.21.0&#8243; _module_preset=\u00bbdefault\u00bb background_color=\u00bb#E1251B\u00bb custom_padding=\u00bb0px||0px||false|false\u00bb da_disable_devices=\u00bboff|off|off\u00bb global_colors_info=\u00bb{}\u00bb da_is_popup=\u00bboff\u00bb da_exit_intent=\u00bboff\u00bb da_has_close=\u00bbon\u00bb da_alt_close=\u00bboff\u00bb da_dark_close=\u00bboff\u00bb da_not_modal=\u00bbon\u00bb da_is_singular=\u00bboff\u00bb da_with_loader=\u00bboff\u00bb da_has_shadow=\u00bbon\u00bb][et_pb_row column_structure=\u00bb1_2,1_2&#8243; use_custom_gutter=\u00bbon\u00bb make_equal=\u00bbon\u00bb _builder_version=\u00bb4.21.0&#8243; _module_preset=\u00bbdefault\u00bb custom_padding=\u00bb80px||80px||false|false\u00bb global_colors_info=\u00bb{}\u00bb][et_pb_column type=\u00bb1_2&#8243; _builder_version=\u00bb4.21.0&#8243; _module_preset=\u00bbdefault\u00bb global_colors_info=\u00bb{}\u00bb][et_pb_text _builder_version=\u00bb4.21.0&#8243; _module_preset=\u00bbdefault\u00bb global_colors_info=\u00bb{}\u00bb]<\/p>\n<h1><span style=\"color: #ffffff;\">Con\u00f3cenos<\/span><\/h1>\n<p><span style=\"color: #ffffff;\">Cont\u00e1ctanos para conocer m\u00e1s acerca de las soluciones que ofrecemos, productos y servicios<\/span><\/p>\n<p>[\/et_pb_text][\/et_pb_column][et_pb_column type=\u00bb1_2&#8243; _builder_version=\u00bb4.21.0&#8243; _module_preset=\u00bbdefault\u00bb custom_css_main_element=\u00bbdisplay: flex;||flex-direction: column;||justify-content: flex-end;\u00bb global_colors_info=\u00bb{}\u00bb][et_pb_icon font_icon=\u00bb&#xf2bb;||fa||900&#8243; icon_color=\u00bb#FFFFFF\u00bb icon_width=\u00bb20px\u00bb align=\u00bbleft\u00bb _builder_version=\u00bb4.21.0&#8243; _module_preset=\u00bbdefault\u00bb custom_margin=\u00bb||0px||false|false\u00bb custom_padding=\u00bb||15px||false|false\u00bb locked=\u00bboff\u00bb global_colors_info=\u00bb{}\u00bb][\/et_pb_icon][et_pb_text _builder_version=\u00bb4.21.0&#8243; _module_preset=\u00bbdefault\u00bb custom_margin=\u00bb||10px||false|false\u00bb custom_margin_last_edited=\u00bboff|tablet\u00bb custom_padding=\u00bb||||false|false\u00bb locked=\u00bboff\u00bb global_colors_info=\u00bb{}\u00bb]<\/p>\n<p><span style=\"color: #ffffff;\">Tel: <a href=\"tel:3314937266\" style=\"color: #ffffff;\">33 1493 7266<\/a><\/span><br \/><span style=\"color: #ffffff;\">Email: <a href=\"mailto:contacto@indestri.mx\" style=\"color: #ffffff;\">contacto@indestri.mx<\/a><\/span><\/p>\n<p>[\/et_pb_text][et_pb_button button_url=\u00bbhttps:\/\/indestri.mx\/index.php\/contacto\/\u00bb button_text=\u00bbContacto\u00bb button_alignment=\u00bbleft\u00bb _builder_version=\u00bb4.21.0&#8243; _module_preset=\u00bbdefault\u00bb custom_button=\u00bbon\u00bb button_text_size=\u00bb16px\u00bb button_text_color=\u00bb#E1251B\u00bb button_bg_color=\u00bb#FFFFFF\u00bb button_border_width=\u00bb0px\u00bb button_border_color=\u00bbRGBA(255,255,255,0)\u00bb button_border_radius=\u00bb8px\u00bb button_letter_spacing=\u00bb0px\u00bb button_font=\u00bb||||||||\u00bb button_icon=\u00bb&#x24;||divi||400&#8243; button_icon_color=\u00bb#E1251B\u00bb locked=\u00bboff\u00bb global_colors_info=\u00bb{}\u00bb button_letter_spacing__hover_enabled=\u00bbon|desktop\u00bb button_letter_spacing__hover=\u00bb2px\u00bb][\/et_pb_button][\/et_pb_column][\/et_pb_row][\/et_pb_section][et_pb_section fb_built=\u00bb1&#8243; admin_label=\u00bbPopup &#8211; #whatsapp-form\u00bb module_id=\u00bbwhatsapp-form\u00bb module_class=\u00bbpopup no-close dark no-shadow\u00bb _builder_version=\u00bb4.27.4&#8243; _module_preset=\u00bbdefault\u00bb background_color=\u00bbRGBA(255,255,255,0)\u00bb max_width=\u00bb30%\u00bb max_width_tablet=\u00bb70%\u00bb max_width_phone=\u00bb100%\u00bb max_width_last_edited=\u00bbon|phone\u00bb module_alignment=\u00bbleft\u00bb custom_margin=\u00bb10%||||false|false\u00bb custom_padding=\u00bb84px||||false|false\u00bb hover_enabled=\u00bb0&#8243; custom_css_free_form=\u00bbbody.custom-popup-open {||    overflow: auto !important; \/* Permitir scroll *\/||}||\u00bb da_is_popup=\u00bbon\u00bb da_popup_slug=\u00bbwhatsapp-form\u00bb da_has_close=\u00bboff\u00bb da_dark_close=\u00bbon\u00bb da_has_shadow=\u00bboff\u00bb da_disable_devices=\u00bboff|off|off\u00bb locked=\u00bboff\u00bb global_colors_info=\u00bb{}\u00bb sticky_enabled=\u00bb0&#8243; da_exit_intent=\u00bboff\u00bb da_alt_close=\u00bboff\u00bb da_not_modal=\u00bbon\u00bb da_is_singular=\u00bboff\u00bb da_with_loader=\u00bboff\u00bb][et_pb_row _builder_version=\u00bb4.27.4&#8243; _module_preset=\u00bbdefault\u00bb background_color=\u00bbRGBA(255,255,255,0)\u00bb width=\u00bb100%\u00bb module_alignment=\u00bbleft\u00bb min_height=\u00bb100%\u00bb custom_margin=\u00bb-1.3%|auto||auto|false|false\u00bb custom_padding=\u00bb0px|||||\u00bb hover_enabled=\u00bb0&#8243; global_colors_info=\u00bb{}\u00bb sticky_enabled=\u00bb0&#8243;][et_pb_column type=\u00bb4_4&#8243; _builder_version=\u00bb4.27.4&#8243; _module_preset=\u00bbdefault\u00bb global_colors_info=\u00bb{}\u00bb][et_pb_text _builder_version=\u00bb4.27.4&#8243; _module_preset=\u00bbdefault\u00bb text_text_color=\u00bb#FFFFFF\u00bb background_color=\u00bb#34615d\u00bb custom_padding=\u00bb10px|20px|10px|20px|true|true\u00bb global_colors_info=\u00bb{}\u00bb]<\/p>\n<p>\u00a1Hola! Completa los siguientes campos para iniciar la conversaci\u00f3n en WhatsApp.<\/p>\n<p>[\/et_pb_text][et_pb_code _builder_version=\u00bb4.27.4&#8243; _module_preset=\u00bbdefault\u00bb global_colors_info=\u00bb{}\u00bb]<\/p>\n<style><!-- [et_pb_line_break_holder] -->.custom-form {<!-- [et_pb_line_break_holder] -->max-width: 400px;<!-- [et_pb_line_break_holder] -->margin: 0 auto;<!-- [et_pb_line_break_holder] -->padding: 20px;<!-- [et_pb_line_break_holder] -->background-color: #f5f5dc; \/* Beige *\/<!-- [et_pb_line_break_holder] -->border-radius: 10px;<!-- [et_pb_line_break_holder] -->box-shadow: 0 4px 10px rgba(0, 0, 0, 0.1);<!-- [et_pb_line_break_holder] -->display: flex;<!-- [et_pb_line_break_holder] -->flex-direction: column;<!-- [et_pb_line_break_holder] -->gap: 10px;<!-- [et_pb_line_break_holder] -->}<!-- [et_pb_line_break_holder] --><!-- [et_pb_line_break_holder] -->.form-row {<!-- [et_pb_line_break_holder] -->display: flex;<!-- [et_pb_line_break_holder] -->flex-wrap: wrap;<!-- [et_pb_line_break_holder] -->column-gap: 10px;<!-- [et_pb_line_break_holder] -->}<!-- [et_pb_line_break_holder] --><!-- [et_pb_line_break_holder] -->.form-column {<!-- [et_pb_line_break_holder] -->flex: 0 1 calc(49% - 1%);<!-- [et_pb_line_break_holder] -->}<!-- [et_pb_line_break_holder] --><!-- [et_pb_line_break_holder] -->label {<!-- [et_pb_line_break_holder] -->display: block;<!-- [et_pb_line_break_holder] -->font-weight: bold;<!-- [et_pb_line_break_holder] -->margin-bottom: 5px;<!-- [et_pb_line_break_holder] -->font-size: 14px;<!-- [et_pb_line_break_holder] -->}<!-- [et_pb_line_break_holder] --><!-- [et_pb_line_break_holder] -->input {<!-- [et_pb_line_break_holder] -->width: 100%;<!-- [et_pb_line_break_holder] -->border: 1px solid #ccc;<!-- [et_pb_line_break_holder] -->border-radius: 5px;<!-- [et_pb_line_break_holder] -->box-sizing: border-box;<!-- [et_pb_line_break_holder] -->font-size: 14px;<!-- [et_pb_line_break_holder] -->padding: 10px;<!-- [et_pb_line_break_holder] -->}<!-- [et_pb_line_break_holder] --><!-- [et_pb_line_break_holder] -->button {<!-- [et_pb_line_break_holder] -->background-color: #28a745;<!-- [et_pb_line_break_holder] -->color: white;<!-- [et_pb_line_break_holder] -->border: none;<!-- [et_pb_line_break_holder] -->padding: 12px;<!-- [et_pb_line_break_holder] -->width: 100%;<!-- [et_pb_line_break_holder] -->font-size: 16px;<!-- [et_pb_line_break_holder] -->text-transform: uppercase;<!-- [et_pb_line_break_holder] -->border-radius: 5px;<!-- [et_pb_line_break_holder] -->cursor: pointer;<!-- [et_pb_line_break_holder] -->font-weight: bold;<!-- [et_pb_line_break_holder] -->margin-top: 10px;<!-- [et_pb_line_break_holder] -->}<!-- [et_pb_line_break_holder] --><!-- [et_pb_line_break_holder] -->button:hover {<!-- [et_pb_line_break_holder] -->background-color: #218838;<!-- [et_pb_line_break_holder] -->}<!-- [et_pb_line_break_holder] --><!-- [et_pb_line_break_holder] -->\/* Responsivo *\/<!-- [et_pb_line_break_holder] -->@media (max-width: 768px) {<!-- [et_pb_line_break_holder] -->.form-column {<!-- [et_pb_line_break_holder] -->flex: 0 1 100%;<!-- [et_pb_line_break_holder] -->}<!-- [et_pb_line_break_holder] -->}<!-- [et_pb_line_break_holder] --><\/style>\n<p><!-- [et_pb_line_break_holder] --><!-- [et_pb_line_break_holder] --><\/p>\n<form id=\"contactForm\" class=\"custom-form\"><!-- [et_pb_line_break_holder] --><\/p>\n<div class=\"form-row\"><!-- [et_pb_line_break_holder] --><\/p>\n<div class=\"form-column\"><!-- [et_pb_line_break_holder] --><label for=\"nombre\">Nombre<\/label><!-- [et_pb_line_break_holder] --><input type=\"text\" id=\"nombre\" name=\"nombre\" placeholder=\"Nombre\" required><!-- [et_pb_line_break_holder] --><\/div>\n<p><!-- [et_pb_line_break_holder] --><\/p>\n<div class=\"form-column\"><!-- [et_pb_line_break_holder] --><label for=\"email\">Correo<\/label><!-- [et_pb_line_break_holder] --><input type=\"email\" id=\"email\" name=\"email\" placeholder=\"Correo electr\u00f3nico\" required><!-- [et_pb_line_break_holder] --><\/div>\n<p><!-- [et_pb_line_break_holder] --><\/div>\n<p><!-- [et_pb_line_break_holder] --><button type=\"button\" id=\"sendMessage\">Iniciar conversaci\u00f3n<\/button><!-- [et_pb_line_break_holder] --><\/form>\n<p><!-- [et_pb_line_break_holder] --><!-- [et_pb_line_break_holder] --><script><!-- [et_pb_line_break_holder] -->document.getElementById('sendMessage').addEventListener('click', function() {<!-- [et_pb_line_break_holder] -->const nombre = document.getElementById('nombre').value.trim();<!-- [et_pb_line_break_holder] -->const email = document.getElementById('email').value.trim();<!-- [et_pb_line_break_holder] --><!-- [et_pb_line_break_holder] -->if (!nombre || !email) {<!-- [et_pb_line_break_holder] -->alert(\"Por favor completa todos los campos.\");<!-- [et_pb_line_break_holder] -->return;<!-- [et_pb_line_break_holder] -->}<!-- [et_pb_line_break_holder] --><!-- [et_pb_line_break_holder] -->const mensaje = `Hola, mi nombre es ${nombre}. Mi correo de contacto es ${email}. Me gustar\u00eda recibir m\u00e1s informaci\u00f3n.`;<!-- [et_pb_line_break_holder] -->const url = `https:\/\/wa.me\/+523332558119?text=${encodeURIComponent(mensaje)}`;<!-- [et_pb_line_break_holder] -->window.open(url, '_blank');<!-- [et_pb_line_break_holder] -->});<!-- [et_pb_line_break_holder] --><\/script><!-- [et_pb_line_break_holder] -->\u00a0\u00a0[\/et_pb_code][\/et_pb_column][\/et_pb_row][\/et_pb_section]<\/p>\n","protected":false},"excerpt":{"rendered":"<p>NOSOTROS Innovaci\u00f3n tecnol\u00f3gica sostenible, orientada al avance y el futuroIndestri Advanced Sustainable Technologies fue fundada en 2016, con la \u00fanica finalidad de proveer soluciones tecnol\u00f3gicas sostenibles en beneficio del avance en los procesos de la industria; dentro de un marco de cuidado al medio ambiente y las personas. Nos encargamos del suministro y asesoramiento en [&hellip;]<\/p>\n","protected":false},"author":1,"featured_media":0,"parent":0,"menu_order":0,"comment_status":"closed","ping_status":"closed","template":"","meta":{"_et_pb_use_builder":"on","_et_pb_old_content":"","_et_gb_content_width":"","footnotes":""},"class_list":["post-415","page","type-page","status-publish","hentry"],"yoast_head":"<!-- This site is optimized with the Yoast SEO plugin v27.3 - https:\/\/yoast.com\/product\/yoast-seo-wordpress\/ -->\n<title>Nosotros - Indestri<\/title>\n<meta name=\"robots\" content=\"index, follow, max-snippet:-1, max-image-preview:large, max-video-preview:-1\" \/>\n<link rel=\"canonical\" href=\"https:\/\/indestri.mx\/index.php\/nosotros\/\" \/>\n<meta property=\"og:locale\" content=\"es_ES\" \/>\n<meta property=\"og:type\" content=\"article\" \/>\n<meta property=\"og:title\" content=\"Nosotros - Indestri\" \/>\n<meta property=\"og:description\" content=\"NOSOTROS Innovaci\u00f3n tecnol\u00f3gica sostenible, orientada al avance y el futuroIndestri Advanced Sustainable Technologies fue fundada en 2016, con la \u00fanica finalidad de proveer soluciones tecnol\u00f3gicas sostenibles en beneficio del avance en los procesos de la industria; dentro de un marco de cuidado al medio ambiente y las personas. Nos encargamos del suministro y asesoramiento en [&hellip;]\" \/>\n<meta property=\"og:url\" content=\"https:\/\/indestri.mx\/index.php\/nosotros\/\" \/>\n<meta property=\"og:site_name\" content=\"Indestri\" \/>\n<meta property=\"article:modified_time\" content=\"2025-10-14T01:15:23+00:00\" \/>\n<meta name=\"twitter:card\" content=\"summary_large_image\" \/>\n<meta name=\"twitter:label1\" content=\"Tiempo de lectura\" \/>\n\t<meta name=\"twitter:data1\" content=\"7 minutos\" \/>\n<script type=\"application\/ld+json\" class=\"yoast-schema-graph\">{\"@context\":\"https:\\\/\\\/schema.org\",\"@graph\":[{\"@type\":\"WebPage\",\"@id\":\"https:\\\/\\\/indestri.mx\\\/index.php\\\/nosotros\\\/\",\"url\":\"https:\\\/\\\/indestri.mx\\\/index.php\\\/nosotros\\\/\",\"name\":\"Nosotros - Indestri\",\"isPartOf\":{\"@id\":\"https:\\\/\\\/indestri.mx\\\/#website\"},\"datePublished\":\"2023-06-23T18:14:37+00:00\",\"dateModified\":\"2025-10-14T01:15:23+00:00\",\"breadcrumb\":{\"@id\":\"https:\\\/\\\/indestri.mx\\\/index.php\\\/nosotros\\\/#breadcrumb\"},\"inLanguage\":\"es\",\"potentialAction\":[{\"@type\":\"ReadAction\",\"target\":[\"https:\\\/\\\/indestri.mx\\\/index.php\\\/nosotros\\\/\"]}]},{\"@type\":\"BreadcrumbList\",\"@id\":\"https:\\\/\\\/indestri.mx\\\/index.php\\\/nosotros\\\/#breadcrumb\",\"itemListElement\":[{\"@type\":\"ListItem\",\"position\":1,\"name\":\"Portada\",\"item\":\"https:\\\/\\\/indestri.mx\\\/\"},{\"@type\":\"ListItem\",\"position\":2,\"name\":\"Nosotros\"}]},{\"@type\":\"WebSite\",\"@id\":\"https:\\\/\\\/indestri.mx\\\/#website\",\"url\":\"https:\\\/\\\/indestri.mx\\\/\",\"name\":\"Indestri\",\"description\":\"Advanced Sustainable Technologies\",\"potentialAction\":[{\"@type\":\"SearchAction\",\"target\":{\"@type\":\"EntryPoint\",\"urlTemplate\":\"https:\\\/\\\/indestri.mx\\\/?s={search_term_string}\"},\"query-input\":{\"@type\":\"PropertyValueSpecification\",\"valueRequired\":true,\"valueName\":\"search_term_string\"}}],\"inLanguage\":\"es\"}]}<\/script>\n<!-- \/ Yoast SEO plugin. -->","yoast_head_json":{"title":"Nosotros - Indestri","robots":{"index":"index","follow":"follow","max-snippet":"max-snippet:-1","max-image-preview":"max-image-preview:large","max-video-preview":"max-video-preview:-1"},"canonical":"https:\/\/indestri.mx\/index.php\/nosotros\/","og_locale":"es_ES","og_type":"article","og_title":"Nosotros - Indestri","og_description":"NOSOTROS Innovaci\u00f3n tecnol\u00f3gica sostenible, orientada al avance y el futuroIndestri Advanced Sustainable Technologies fue fundada en 2016, con la \u00fanica finalidad de proveer soluciones tecnol\u00f3gicas sostenibles en beneficio del avance en los procesos de la industria; dentro de un marco de cuidado al medio ambiente y las personas. Nos encargamos del suministro y asesoramiento en [&hellip;]","og_url":"https:\/\/indestri.mx\/index.php\/nosotros\/","og_site_name":"Indestri","article_modified_time":"2025-10-14T01:15:23+00:00","twitter_card":"summary_large_image","twitter_misc":{"Tiempo de lectura":"7 minutos"},"schema":{"@context":"https:\/\/schema.org","@graph":[{"@type":"WebPage","@id":"https:\/\/indestri.mx\/index.php\/nosotros\/","url":"https:\/\/indestri.mx\/index.php\/nosotros\/","name":"Nosotros - Indestri","isPartOf":{"@id":"https:\/\/indestri.mx\/#website"},"datePublished":"2023-06-23T18:14:37+00:00","dateModified":"2025-10-14T01:15:23+00:00","breadcrumb":{"@id":"https:\/\/indestri.mx\/index.php\/nosotros\/#breadcrumb"},"inLanguage":"es","potentialAction":[{"@type":"ReadAction","target":["https:\/\/indestri.mx\/index.php\/nosotros\/"]}]},{"@type":"BreadcrumbList","@id":"https:\/\/indestri.mx\/index.php\/nosotros\/#breadcrumb","itemListElement":[{"@type":"ListItem","position":1,"name":"Portada","item":"https:\/\/indestri.mx\/"},{"@type":"ListItem","position":2,"name":"Nosotros"}]},{"@type":"WebSite","@id":"https:\/\/indestri.mx\/#website","url":"https:\/\/indestri.mx\/","name":"Indestri","description":"Advanced Sustainable Technologies","potentialAction":[{"@type":"SearchAction","target":{"@type":"EntryPoint","urlTemplate":"https:\/\/indestri.mx\/?s={search_term_string}"},"query-input":{"@type":"PropertyValueSpecification","valueRequired":true,"valueName":"search_term_string"}}],"inLanguage":"es"}]}},"_links":{"self":[{"href":"https:\/\/indestri.mx\/index.php\/wp-json\/wp\/v2\/pages\/415","targetHints":{"allow":["GET"]}}],"collection":[{"href":"https:\/\/indestri.mx\/index.php\/wp-json\/wp\/v2\/pages"}],"about":[{"href":"https:\/\/indestri.mx\/index.php\/wp-json\/wp\/v2\/types\/page"}],"author":[{"embeddable":true,"href":"https:\/\/indestri.mx\/index.php\/wp-json\/wp\/v2\/users\/1"}],"replies":[{"embeddable":true,"href":"https:\/\/indestri.mx\/index.php\/wp-json\/wp\/v2\/comments?post=415"}],"version-history":[{"count":10,"href":"https:\/\/indestri.mx\/index.php\/wp-json\/wp\/v2\/pages\/415\/revisions"}],"predecessor-version":[{"id":1826,"href":"https:\/\/indestri.mx\/index.php\/wp-json\/wp\/v2\/pages\/415\/revisions\/1826"}],"wp:attachment":[{"href":"https:\/\/indestri.mx\/index.php\/wp-json\/wp\/v2\/media?parent=415"}],"curies":[{"name":"wp","href":"https:\/\/api.w.org\/{rel}","templated":true}]}}