{"id":127,"date":"2023-05-31T20:35:07","date_gmt":"2023-05-31T20:35:07","guid":{"rendered":"https:\/\/indestri.mx\/?page_id=127"},"modified":"2025-01-31T20:40:25","modified_gmt":"2025-01-31T20:40:25","slug":"blog","status":"publish","type":"page","link":"https:\/\/indestri.mx\/index.php\/blog\/","title":{"rendered":"Blog"},"content":{"rendered":"<p>[et_pb_section fb_built=\u00bb1&#8243; admin_label=\u00bbPost Slider\u00bb _builder_version=\u00bb4.21.0&#8243; _module_preset=\u00bbdefault\u00bb background_color=\u00bb#FFFFFF\u00bb collapsed=\u00bbon\u00bb global_colors_info=\u00bb{}\u00bb da_is_popup=\u00bboff\u00bb da_exit_intent=\u00bboff\u00bb da_has_close=\u00bbon\u00bb da_alt_close=\u00bboff\u00bb da_dark_close=\u00bboff\u00bb da_not_modal=\u00bbon\u00bb da_is_singular=\u00bboff\u00bb da_with_loader=\u00bboff\u00bb da_has_shadow=\u00bbon\u00bb da_disable_devices=\u00bboff|off|off\u00bb][et_pb_row _builder_version=\u00bb4.19.5&#8243; _module_preset=\u00bbdefault\u00bb width_tablet=\u00bb70%\u00bb width_phone=\u00bb70%\u00bb width_last_edited=\u00bboff|desktop\u00bb global_colors_info=\u00bb{}\u00bb][et_pb_column type=\u00bb4_4&#8243; _builder_version=\u00bb4.19.2&#8243; _module_preset=\u00bbdefault\u00bb global_colors_info=\u00bb{}\u00bb][et_pb_post_slider posts_number=\u00bb3&#8243; include_categories=\u00bball\u00bb bg_overlay_color=\u00bbrgba(95,92,93,0.48)\u00bb _builder_version=\u00bb4.21.0&#8243; _module_preset=\u00bb5ca65e52-ceab-4620-8788-119ecfcfde8b\u00bb header_font=\u00bbRoboto|700|||||||\u00bb header_font_size=\u00bb35px\u00bb body_text_color=\u00bb#FFFFFF\u00bb meta_font=\u00bb|700|||||||\u00bb background_enable_color=\u00bboff\u00bb button_text_color=\u00bb#E1251B\u00bb button_border_radius=\u00bb10px\u00bb button_icon=\u00bb&#x24;||divi||400&#8243; custom_margin=\u00bb||||false|false\u00bb text_shadow_style=\u00bbpreset1&#8243; locked=\u00bboff\u00bb global_colors_info=\u00bb{}\u00bb text_font_size_tablet=\u00bb15px\u00bb text_font_size_phone=\u00bb14px\u00bb text_font_size_last_edited=\u00bbon|desktop\u00bb][\/et_pb_post_slider][\/et_pb_column][\/et_pb_row][et_pb_row _builder_version=\u00bb4.19.2&#8243; _module_preset=\u00bbdefault\u00bb global_colors_info=\u00bb{}\u00bb][et_pb_column type=\u00bb4_4&#8243; _builder_version=\u00bb4.19.2&#8243; _module_preset=\u00bbdefault\u00bb global_colors_info=\u00bb{}\u00bb][et_pb_blog posts_number=\u00bb1&#8243; include_categories=\u00bb10&#8243; use_manual_excerpt=\u00bboff\u00bb excerpt_length=\u00bb60&#8243; show_pagination=\u00bboff\u00bb _builder_version=\u00bb4.21.0&#8243; _module_preset=\u00bba3cc117c-51d7-4e31-848c-a5451e0dc1de\u00bb header_font=\u00bbRoboto|500|||||||\u00bb header_text_color=\u00bb#E1251B\u00bb body_text_color=\u00bb#7A7677&#8243; meta_text_color=\u00bb#7A7677&#8243; read_more_font=\u00bbRoboto||||||||\u00bb read_more_text_color=\u00bb#E1251B\u00bb custom_margin=\u00bb||30px||false|false\u00bb locked=\u00bboff\u00bb global_colors_info=\u00bb{%22gcid-39bb5ebd-8d97-4670-a45a-b1ffd711f3fc%22:%91%22meta_text_color%22,%22meta_text_color%22%93}\u00bb][\/et_pb_blog][\/et_pb_column][\/et_pb_row][\/et_pb_section][et_pb_section fb_built=\u00bb1&#8243; admin_label=\u00bbPopup &#8211; #whatsapp-form\u00bb module_id=\u00bbwhatsapp-form\u00bb module_class=\u00bbpopup no-close dark no-shadow\u00bb _builder_version=\u00bb4.27.4&#8243; _module_preset=\u00bbdefault\u00bb background_color=\u00bbRGBA(255,255,255,0)\u00bb max_width=\u00bb30%\u00bb max_width_tablet=\u00bb70%\u00bb max_width_phone=\u00bb100%\u00bb max_width_last_edited=\u00bbon|phone\u00bb module_alignment=\u00bbleft\u00bb custom_margin=\u00bb10%||||false|false\u00bb custom_padding=\u00bb84px||||false|false\u00bb custom_css_free_form=\u00bbbody.custom-popup-open {||    overflow: auto !important; \/* Permitir scroll *\/||}||\u00bb da_is_popup=\u00bbon\u00bb da_popup_slug=\u00bbwhatsapp-form\u00bb da_has_close=\u00bboff\u00bb da_dark_close=\u00bbon\u00bb da_has_shadow=\u00bboff\u00bb da_disable_devices=\u00bboff|off|off\u00bb global_colors_info=\u00bb{}\u00bb locked=\u00bboff\u00bb da_exit_intent=\u00bboff\u00bb da_alt_close=\u00bboff\u00bb da_not_modal=\u00bbon\u00bb da_is_singular=\u00bboff\u00bb da_with_loader=\u00bboff\u00bb][et_pb_row _builder_version=\u00bb4.27.4&#8243; _module_preset=\u00bbdefault\u00bb background_color=\u00bbRGBA(255,255,255,0)\u00bb width=\u00bb100%\u00bb module_alignment=\u00bbleft\u00bb min_height=\u00bb571.8px\u00bb custom_margin=\u00bb-1.3%|auto||auto|false|false\u00bb custom_padding=\u00bb0px|||||\u00bb global_colors_info=\u00bb{}\u00bb][et_pb_column type=\u00bb4_4&#8243; _builder_version=\u00bb4.27.4&#8243; _module_preset=\u00bbdefault\u00bb global_colors_info=\u00bb{}\u00bb][et_pb_text _builder_version=\u00bb4.27.4&#8243; _module_preset=\u00bbdefault\u00bb text_text_color=\u00bb#FFFFFF\u00bb background_color=\u00bb#34615d\u00bb custom_padding=\u00bb10px|20px|10px|20px|true|true\u00bb global_colors_info=\u00bb{}\u00bb]<\/p>\n<p>\u00a1Hola! Completa los siguientes campos para iniciar la conversaci\u00f3n en WhatsApp.<\/p>\n<p>[\/et_pb_text][et_pb_code _builder_version=\u00bb4.27.4&#8243; _module_preset=\u00bbdefault\u00bb global_colors_info=\u00bb{}\u00bb]    <\/p>\n<style><!-- [et_pb_line_break_holder] -->        \/* Contenedor principal del formulario *\/<!-- [et_pb_line_break_holder] -->      \/* Media queries globales para formularios *\/<!-- [et_pb_line_break_holder] --><!-- [et_pb_line_break_holder] --><!-- [et_pb_line_break_holder] -->        .custom-form {<!-- [et_pb_line_break_holder] -->            max-width: 800px;<!-- [et_pb_line_break_holder] -->            margin: 0 auto;<!-- [et_pb_line_break_holder] -->            padding: 20px;<!-- [et_pb_line_break_holder] -->            background-color: #f5f5dc; \/* Beige *\/<!-- [et_pb_line_break_holder] -->            border-radius: 10px;<!-- [et_pb_line_break_holder] -->            box-shadow: 0 4px 10px rgba(0, 0, 0, 0.1);<!-- [et_pb_line_break_holder] -->            display: flex;<!-- [et_pb_line_break_holder] -->            flex-direction: column;<!-- [et_pb_line_break_holder] -->            gap: 10px;<!-- [et_pb_line_break_holder] -->        }<!-- [et_pb_line_break_holder] --><!-- [et_pb_line_break_holder] -->      @media (max-width: 768px) { \/* M\u00f3vil *\/<!-- [et_pb_line_break_holder] -->    .custom-form {<!-- [et_pb_line_break_holder] -->        width: 90%;<!-- [et_pb_line_break_holder] -->        margin: 0 auto; \/* Centrar *\/<!-- [et_pb_line_break_holder] -->    }<!-- [et_pb_line_break_holder] -->}<!-- [et_pb_line_break_holder] --><!-- [et_pb_line_break_holder] -->@media (min-width: 769px) and (max-width: 1024px) { \/* Tablet *\/<!-- [et_pb_line_break_holder] -->    .custom-form {<!-- [et_pb_line_break_holder] -->        width: 70%;<!-- [et_pb_line_break_holder] -->        margin: 0 auto; \/* Centrar *\/<!-- [et_pb_line_break_holder] -->    }<!-- [et_pb_line_break_holder] -->}<!-- [et_pb_line_break_holder] -->        \/* Contenedor de filas *\/<!-- [et_pb_line_break_holder] -->        .form-row {<!-- [et_pb_line_break_holder] -->            display: flex;<!-- [et_pb_line_break_holder] -->            flex-wrap: wrap;<!-- [et_pb_line_break_holder] -->           \tcolumn-gap: 10px;<!-- [et_pb_line_break_holder] -->        }<!-- [et_pb_line_break_holder] --><!-- [et_pb_line_break_holder] -->        \/* Estilo de las columnas 50\/50 *\/<!-- [et_pb_line_break_holder] -->        .form-column {<!-- [et_pb_line_break_holder] -->            flex: 0 1 calc(49% - 1%); \/* Ocupa el 50% del ancho menos el gap *\/<!-- [et_pb_line_break_holder] -->        }<!-- [et_pb_line_break_holder] --><!-- [et_pb_line_break_holder] -->        \/* Columnas completas (100%) *\/<!-- [et_pb_line_break_holder] -->        .form-full {<!-- [et_pb_line_break_holder] -->            flex: 0 1 100%;<!-- [et_pb_line_break_holder] -->        }<!-- [et_pb_line_break_holder] --><!-- [et_pb_line_break_holder] -->        \/* Etiquetas *\/<!-- [et_pb_line_break_holder] -->        label {<!-- [et_pb_line_break_holder] -->            display: block;<!-- [et_pb_line_break_holder] -->            font-weight: bold;<!-- [et_pb_line_break_holder] -->            margin-bottom: 5px;<!-- [et_pb_line_break_holder] -->            font-size: 14px;<!-- [et_pb_line_break_holder] -->        }<!-- [et_pb_line_break_holder] --><!-- [et_pb_line_break_holder] -->        \/* Inputs, select y textarea *\/<!-- [et_pb_line_break_holder] -->        input,<!-- [et_pb_line_break_holder] -->        select,<!-- [et_pb_line_break_holder] -->        textarea {<!-- [et_pb_line_break_holder] -->            width: 100%;<!-- [et_pb_line_break_holder] -->            border: 1px solid #ccc;<!-- [et_pb_line_break_holder] -->            border-radius: 5px;<!-- [et_pb_line_break_holder] -->            box-sizing: border-box;<!-- [et_pb_line_break_holder] -->            font-size: 14px;<!-- [et_pb_line_break_holder] -->        }<!-- [et_pb_line_break_holder] --><!-- [et_pb_line_break_holder] -->        \/* Bot\u00f3n de env\u00edo *\/<!-- [et_pb_line_break_holder] -->        button {<!-- [et_pb_line_break_holder] -->            background-color: #28a745; \/* Verde *\/<!-- [et_pb_line_break_holder] -->            color: white;<!-- [et_pb_line_break_holder] -->            border: none;<!-- [et_pb_line_break_holder] -->            padding: 15px;<!-- [et_pb_line_break_holder] -->            width: 100%;<!-- [et_pb_line_break_holder] -->            font-size: 16px;<!-- [et_pb_line_break_holder] -->            text-transform: uppercase;<!-- [et_pb_line_break_holder] -->            border-radius: 5px;<!-- [et_pb_line_break_holder] -->            cursor: pointer;<!-- [et_pb_line_break_holder] -->            font-weight: bold;<!-- [et_pb_line_break_holder] -->            margin-top: 20px;<!-- [et_pb_line_break_holder] -->        }<!-- [et_pb_line_break_holder] --><!-- [et_pb_line_break_holder] -->        button:hover {<!-- [et_pb_line_break_holder] -->            background-color: #218838; \/* Verde m\u00e1s oscuro *\/<!-- [et_pb_line_break_holder] -->        }<!-- [et_pb_line_break_holder] --><!-- [et_pb_line_break_holder] -->        \/* Responsividad: Columnas completas en pantallas peque\u00f1as *\/<!-- [et_pb_line_break_holder] -->        @media (max-width: 768px) {<!-- [et_pb_line_break_holder] -->            .form-column {<!-- [et_pb_line_break_holder] -->                flex: 0 1 100%; \/* Las columnas ocupan el 100% en pantallas peque\u00f1as *\/<!-- [et_pb_line_break_holder] -->            }<!-- [et_pb_line_break_holder] -->        }<!-- [et_pb_line_break_holder] -->    <\/style>\n<p><!-- [et_pb_line_break_holder] --><\/head><!-- [et_pb_line_break_holder] --><body><!-- [et_pb_line_break_holder] -->    <\/p>\n<form id=\"contactForm\" class=\"custom-form\"><!-- [et_pb_line_break_holder] -->        <!-- Nombre y Apellido --><!-- [et_pb_line_break_holder] -->        <\/p>\n<div class=\"form-row\"><!-- [et_pb_line_break_holder] -->            <\/p>\n<div class=\"form-column\"><!-- [et_pb_line_break_holder] -->                <label for=\"nombre\">Nombre<\/label><!-- [et_pb_line_break_holder] -->                <input type=\"text\" id=\"nombre\" name=\"nombre\" placeholder=\"Nombre\" required><!-- [et_pb_line_break_holder] -->            <\/div>\n<p><!-- [et_pb_line_break_holder] -->            <\/p>\n<div class=\"form-column\"><!-- [et_pb_line_break_holder] -->                <label for=\"apellido\">Apellido<\/label><!-- [et_pb_line_break_holder] -->                <input type=\"text\" id=\"apellido\" name=\"apellido\" placeholder=\"Apellido\" required><!-- [et_pb_line_break_holder] -->            <\/div>\n<p><!-- [et_pb_line_break_holder] -->        <\/div>\n<p><!-- [et_pb_line_break_holder] --><!-- [et_pb_line_break_holder] -->        <!-- Email y Tel\u00e9fono --><!-- [et_pb_line_break_holder] -->        <\/p>\n<div class=\"form-row\"><!-- [et_pb_line_break_holder] -->            <\/p>\n<div class=\"form-column\"><!-- [et_pb_line_break_holder] -->                <label for=\"email\">Email<\/label><!-- [et_pb_line_break_holder] -->                <input type=\"email\" id=\"email\" name=\"email\" placeholder=\"Email\" required><!-- [et_pb_line_break_holder] -->            <\/div>\n<p><!-- [et_pb_line_break_holder] -->            <\/p>\n<div class=\"form-column\"><!-- [et_pb_line_break_holder] -->                <label for=\"telefono\">Tel\u00e9fono<\/label><!-- [et_pb_line_break_holder] -->                <input type=\"tel\" id=\"telefono\" name=\"telefono\" placeholder=\"Tel\u00e9fono\" required><!-- [et_pb_line_break_holder] -->            <\/div>\n<p><!-- [et_pb_line_break_holder] -->        <\/div>\n<p><!-- [et_pb_line_break_holder] --><!-- [et_pb_line_break_holder] -->        <!-- Empresa y N\u00famero de Empleados --><!-- [et_pb_line_break_holder] -->        <\/p>\n<div class=\"form-row\"><!-- [et_pb_line_break_holder] -->            <\/p>\n<div class=\"form-column\"><!-- [et_pb_line_break_holder] -->                <label for=\"empresa\">Empresa<\/label><!-- [et_pb_line_break_holder] -->                <input type=\"text\" id=\"empresa\" name=\"empresa\" placeholder=\"Empresa\"><!-- [et_pb_line_break_holder] -->            <\/div>\n<p><!-- [et_pb_line_break_holder] -->            <\/p>\n<div class=\"form-column\"><!-- [et_pb_line_break_holder] -->                <label for=\"numero_empleados\">N\u00famero de empleados<\/label><!-- [et_pb_line_break_holder] -->                <select id=\"numero_empleados\" name=\"numero_empleados\"><!-- [et_pb_line_break_holder] --><option value=\"1-10\">1-10<\/option><!-- [et_pb_line_break_holder] --><option value=\"11-50\">11-50<\/option><!-- [et_pb_line_break_holder] --><option value=\"51-100\">51-100<\/option><!-- [et_pb_line_break_holder] --><option value=\"M\u00e1s de 100\">M\u00e1s de 100<\/option><!-- [et_pb_line_break_holder] -->                <\/select><!-- [et_pb_line_break_holder] -->            <\/div>\n<p><!-- [et_pb_line_break_holder] -->        <\/div>\n<p><!-- [et_pb_line_break_holder] --><!-- [et_pb_line_break_holder] -->        <!-- Cargo y Tipo de Empresa --><!-- [et_pb_line_break_holder] -->        <\/p>\n<div class=\"form-row\"><!-- [et_pb_line_break_holder] -->            <\/p>\n<div class=\"form-column\"><!-- [et_pb_line_break_holder] -->                <label for=\"cargo\">Cargo<\/label><!-- [et_pb_line_break_holder] -->                <select id=\"cargo\" name=\"cargo\"><!-- [et_pb_line_break_holder] --><option value=\"Gerente\">Gerente<\/option><!-- [et_pb_line_break_holder] --><option value=\"Director\">Director<\/option><!-- [et_pb_line_break_holder] --><option value=\"Asesor\">Asesor<\/option><!-- [et_pb_line_break_holder] --><option value=\"Otro\">Otro<\/option><!-- [et_pb_line_break_holder] -->                <\/select><!-- [et_pb_line_break_holder] -->            <\/div>\n<p><!-- [et_pb_line_break_holder] -->            <\/p>\n<div class=\"form-column\"><!-- [et_pb_line_break_holder] -->                <label for=\"tipo_empresa\">Tipo de empresa<\/label><!-- [et_pb_line_break_holder] -->                <select id=\"tipo_empresa\" name=\"tipo_empresa\"><!-- [et_pb_line_break_holder] --><option value=\"Comercial\">Comercial<\/option><!-- [et_pb_line_break_holder] --><option value=\"Industrial\">Industrial<\/option><!-- [et_pb_line_break_holder] --><option value=\"Servicios\">Servicios<\/option><!-- [et_pb_line_break_holder] --><option value=\"Otro\">Otro<\/option><!-- [et_pb_line_break_holder] -->                <\/select><!-- [et_pb_line_break_holder] -->            <\/div>\n<p><!-- [et_pb_line_break_holder] -->        <\/div>\n<p><!-- [et_pb_line_break_holder] --><!-- [et_pb_line_break_holder] -->        <!-- Tipo de Asesor\u00eda --><!-- [et_pb_line_break_holder] -->        <\/p>\n<div class=\"form-row\"><!-- [et_pb_line_break_holder] -->            <\/p>\n<div class=\"form-full\"><!-- [et_pb_line_break_holder] -->                <label for=\"tipo_asesoria\">Tipo de asesor\u00eda<\/label><!-- [et_pb_line_break_holder] -->                <select id=\"tipo_asesoria\" name=\"tipo_asesoria\"><!-- [et_pb_line_break_holder] --><option value=\"Consultor\u00eda\">Consultor\u00eda<\/option><!-- [et_pb_line_break_holder] --><option value=\"Soporte T\u00e9cnico\">Soporte T\u00e9cnico<\/option><!-- [et_pb_line_break_holder] --><option value=\"Otro\">Otro<\/option><!-- [et_pb_line_break_holder] -->                <\/select><!-- [et_pb_line_break_holder] -->            <\/div>\n<p><!-- [et_pb_line_break_holder] -->        <\/div>\n<p><!-- [et_pb_line_break_holder] --><!-- [et_pb_line_break_holder] -->        <!-- Bot\u00f3n --><!-- [et_pb_line_break_holder] -->        <\/p>\n<div class=\"form-row\"><!-- [et_pb_line_break_holder] -->            <\/p>\n<div class=\"form-full\"><!-- [et_pb_line_break_holder] -->                <button type=\"button\" id=\"sendMessage\">Iniciar conversaci\u00f3n<\/button><!-- [et_pb_line_break_holder] -->            <\/div>\n<p><!-- [et_pb_line_break_holder] -->        <\/div>\n<p><!-- [et_pb_line_break_holder] -->    <\/form>\n<p><!-- [et_pb_line_break_holder] --><!-- [et_pb_line_break_holder] -->    <script><!-- [et_pb_line_break_holder] -->        document.getElementById('sendMessage').addEventListener('click', function() {<!-- [et_pb_line_break_holder] -->            const nombre = document.getElementById('nombre').value;<!-- [et_pb_line_break_holder] -->            const apellido = document.getElementById('apellido').value;<!-- [et_pb_line_break_holder] -->            const email = document.getElementById('email').value;<!-- [et_pb_line_break_holder] -->            const telefono = document.getElementById('telefono').value;<!-- [et_pb_line_break_holder] -->            const empresa = document.getElementById('empresa').value;<!-- [et_pb_line_break_holder] -->            const numeroEmpleados = document.getElementById('numero_empleados').value;<!-- [et_pb_line_break_holder] -->            const cargo = document.getElementById('cargo').value;<!-- [et_pb_line_break_holder] -->            const tipoEmpresa = document.getElementById('tipo_empresa').value;<!-- [et_pb_line_break_holder] -->            const tipoAsesoria = document.getElementById('tipo_asesoria').value;<!-- [et_pb_line_break_holder] --><!-- [et_pb_line_break_holder] -->            const mensaje = `Hola, mi nombre es ${nombre} ${apellido}. Mis correo de contacto es ${email} y mi tel\u00e9fono ${telefono}. Trabajo en la empresa ${empresa} como ${cargo}, tenemos un n\u00famero de empleados de ${numeroEmpleados} y el giro de la empresa es ${tipoEmpresa}. Me interesa una asesor\u00eda tipo ${tipoAsesoria}`;<!-- [et_pb_line_break_holder] --><!-- [et_pb_line_break_holder] -->            const url = `https:\/\/wa.me\/+523332558119?text=${encodeURIComponent(mensaje)}`;<!-- [et_pb_line_break_holder] --><!-- [et_pb_line_break_holder] -->            window.open(url, '_blank');<!-- [et_pb_line_break_holder] -->        });<!-- [et_pb_line_break_holder] -->    <\/script><!-- [et_pb_line_break_holder] --><\/body><!-- [et_pb_line_break_holder] --><\/html><!-- [et_pb_line_break_holder] -->[\/et_pb_code][\/et_pb_column][\/et_pb_row][\/et_pb_section]<\/p>\n","protected":false},"excerpt":{"rendered":"<p>\u00a1Hola! Completa los siguientes campos para iniciar la conversaci\u00f3n en WhatsApp.<\/p>\n","protected":false},"author":1,"featured_media":0,"parent":0,"menu_order":0,"comment_status":"closed","ping_status":"closed","template":"","meta":{"_et_pb_use_builder":"on","_et_pb_old_content":"","_et_gb_content_width":"","footnotes":""},"class_list":["post-127","page","type-page","status-publish","hentry"],"yoast_head":"<!-- This site is optimized with the Yoast SEO plugin v27.3 - https:\/\/yoast.com\/product\/yoast-seo-wordpress\/ -->\n<title>Blog - Indestri<\/title>\n<meta name=\"robots\" content=\"index, follow, max-snippet:-1, max-image-preview:large, max-video-preview:-1\" \/>\n<link rel=\"canonical\" href=\"https:\/\/indestri.mx\/index.php\/blog\/\" \/>\n<meta property=\"og:locale\" content=\"es_ES\" \/>\n<meta property=\"og:type\" content=\"article\" \/>\n<meta property=\"og:title\" content=\"Blog - Indestri\" \/>\n<meta property=\"og:description\" content=\"\u00a1Hola! Completa los siguientes campos para iniciar la conversaci\u00f3n en WhatsApp.\" \/>\n<meta property=\"og:url\" content=\"https:\/\/indestri.mx\/index.php\/blog\/\" \/>\n<meta property=\"og:site_name\" content=\"Indestri\" \/>\n<meta property=\"article:modified_time\" content=\"2025-01-31T20:40:25+00:00\" \/>\n<meta name=\"twitter:card\" content=\"summary_large_image\" \/>\n<meta name=\"twitter:label1\" content=\"Tiempo de lectura\" \/>\n\t<meta name=\"twitter:data1\" content=\"3 minutos\" \/>\n<script type=\"application\/ld+json\" class=\"yoast-schema-graph\">{\"@context\":\"https:\\\/\\\/schema.org\",\"@graph\":[{\"@type\":\"WebPage\",\"@id\":\"https:\\\/\\\/indestri.mx\\\/index.php\\\/blog\\\/\",\"url\":\"https:\\\/\\\/indestri.mx\\\/index.php\\\/blog\\\/\",\"name\":\"Blog - Indestri\",\"isPartOf\":{\"@id\":\"https:\\\/\\\/indestri.mx\\\/#website\"},\"datePublished\":\"2023-05-31T20:35:07+00:00\",\"dateModified\":\"2025-01-31T20:40:25+00:00\",\"breadcrumb\":{\"@id\":\"https:\\\/\\\/indestri.mx\\\/index.php\\\/blog\\\/#breadcrumb\"},\"inLanguage\":\"es\",\"potentialAction\":[{\"@type\":\"ReadAction\",\"target\":[\"https:\\\/\\\/indestri.mx\\\/index.php\\\/blog\\\/\"]}]},{\"@type\":\"BreadcrumbList\",\"@id\":\"https:\\\/\\\/indestri.mx\\\/index.php\\\/blog\\\/#breadcrumb\",\"itemListElement\":[{\"@type\":\"ListItem\",\"position\":1,\"name\":\"Portada\",\"item\":\"https:\\\/\\\/indestri.mx\\\/\"},{\"@type\":\"ListItem\",\"position\":2,\"name\":\"Blog\"}]},{\"@type\":\"WebSite\",\"@id\":\"https:\\\/\\\/indestri.mx\\\/#website\",\"url\":\"https:\\\/\\\/indestri.mx\\\/\",\"name\":\"Indestri\",\"description\":\"Advanced Sustainable Technologies\",\"potentialAction\":[{\"@type\":\"SearchAction\",\"target\":{\"@type\":\"EntryPoint\",\"urlTemplate\":\"https:\\\/\\\/indestri.mx\\\/?s={search_term_string}\"},\"query-input\":{\"@type\":\"PropertyValueSpecification\",\"valueRequired\":true,\"valueName\":\"search_term_string\"}}],\"inLanguage\":\"es\"}]}<\/script>\n<!-- \/ Yoast SEO plugin. -->","yoast_head_json":{"title":"Blog - Indestri","robots":{"index":"index","follow":"follow","max-snippet":"max-snippet:-1","max-image-preview":"max-image-preview:large","max-video-preview":"max-video-preview:-1"},"canonical":"https:\/\/indestri.mx\/index.php\/blog\/","og_locale":"es_ES","og_type":"article","og_title":"Blog - Indestri","og_description":"\u00a1Hola! Completa los siguientes campos para iniciar la conversaci\u00f3n en WhatsApp.","og_url":"https:\/\/indestri.mx\/index.php\/blog\/","og_site_name":"Indestri","article_modified_time":"2025-01-31T20:40:25+00:00","twitter_card":"summary_large_image","twitter_misc":{"Tiempo de lectura":"3 minutos"},"schema":{"@context":"https:\/\/schema.org","@graph":[{"@type":"WebPage","@id":"https:\/\/indestri.mx\/index.php\/blog\/","url":"https:\/\/indestri.mx\/index.php\/blog\/","name":"Blog - Indestri","isPartOf":{"@id":"https:\/\/indestri.mx\/#website"},"datePublished":"2023-05-31T20:35:07+00:00","dateModified":"2025-01-31T20:40:25+00:00","breadcrumb":{"@id":"https:\/\/indestri.mx\/index.php\/blog\/#breadcrumb"},"inLanguage":"es","potentialAction":[{"@type":"ReadAction","target":["https:\/\/indestri.mx\/index.php\/blog\/"]}]},{"@type":"BreadcrumbList","@id":"https:\/\/indestri.mx\/index.php\/blog\/#breadcrumb","itemListElement":[{"@type":"ListItem","position":1,"name":"Portada","item":"https:\/\/indestri.mx\/"},{"@type":"ListItem","position":2,"name":"Blog"}]},{"@type":"WebSite","@id":"https:\/\/indestri.mx\/#website","url":"https:\/\/indestri.mx\/","name":"Indestri","description":"Advanced Sustainable Technologies","potentialAction":[{"@type":"SearchAction","target":{"@type":"EntryPoint","urlTemplate":"https:\/\/indestri.mx\/?s={search_term_string}"},"query-input":{"@type":"PropertyValueSpecification","valueRequired":true,"valueName":"search_term_string"}}],"inLanguage":"es"}]}},"_links":{"self":[{"href":"https:\/\/indestri.mx\/index.php\/wp-json\/wp\/v2\/pages\/127","targetHints":{"allow":["GET"]}}],"collection":[{"href":"https:\/\/indestri.mx\/index.php\/wp-json\/wp\/v2\/pages"}],"about":[{"href":"https:\/\/indestri.mx\/index.php\/wp-json\/wp\/v2\/types\/page"}],"author":[{"embeddable":true,"href":"https:\/\/indestri.mx\/index.php\/wp-json\/wp\/v2\/users\/1"}],"replies":[{"embeddable":true,"href":"https:\/\/indestri.mx\/index.php\/wp-json\/wp\/v2\/comments?post=127"}],"version-history":[{"count":8,"href":"https:\/\/indestri.mx\/index.php\/wp-json\/wp\/v2\/pages\/127\/revisions"}],"predecessor-version":[{"id":1214,"href":"https:\/\/indestri.mx\/index.php\/wp-json\/wp\/v2\/pages\/127\/revisions\/1214"}],"wp:attachment":[{"href":"https:\/\/indestri.mx\/index.php\/wp-json\/wp\/v2\/media?parent=127"}],"curies":[{"name":"wp","href":"https:\/\/api.w.org\/{rel}","templated":true}]}}